{"id":7829,"date":"2026-01-26T16:03:59","date_gmt":"2026-01-26T14:03:59","guid":{"rendered":"https:\/\/kitesurf-var.com\/restaurants-and-bars-in-hyeres\/"},"modified":"2026-02-02T16:33:30","modified_gmt":"2026-02-02T14:33:30","slug":"restaurants-and-bars-in-hyeres","status":"publish","type":"page","link":"https:\/\/kitesurf-var.com\/en\/restaurants-and-bars-in-hyeres\/","title":{"rendered":"Restaurants and bars in Hy\u00e8res"},"content":{"rendered":"<div class=\"wpb-content-wrapper\"><p>[vc_row content_text_aligment=&#8221;left&#8221; enable_surfer_icon=&#8221;no&#8221; css=&#8221;.vc_custom_1582543773844{padding-top: 14px !important;}&#8221;][vc_column][vc_column_text css=&#8221;.vc_custom_1769436136131{margin-bottom: 10px !important;}&#8221;]<\/p>\n<h2>RESTAURANTS in Hy\u00e8res<\/h2>\n<p>[\/vc_column_text][vc_row_inner][vc_column_inner width=&#8221;1\/2&#8243;][vc_column_text css=&#8221;&#8221;]<\/p>\n<div>\n<ul>\n<li class=\"cyb\"><strong>LE LIDO \u2013 BEACH AND RESTAURANT<\/strong><\/li>\n<\/ul>\n<p>5, avenue Emile G\u00e9rard Plage des Pesquiers 83400 Hy\u00e8res<br \/>\n04 94 01 43 80<\/p>\n<p><a href=\"https:\/\/lido-beach.com\/\" target=\"_blank\" rel=\"noopener noreferrer nofollow\">Website: Lido Beach<\/a><\/p>\n<\/div>\n<ul>\n<li class=\"cyb\"><strong>JUST IN SUSHI<\/strong><\/li>\n<\/ul>\n<p>4av de la gavine, 83400 Hy\u00e8res<\/p>\n<p>09 52 01 98 34<\/p>\n<p><a href=\"https:\/\/www.just-sushi-hyeres.fr\/\" rel=\"noopener noreferrer nofollow\">Just in Sushi Website<\/a><\/p>\n<ul>\n<li class=\"cyb\"><strong>LE MARAIS<\/strong><\/li>\n<\/ul>\n<p>open all year except in January<\/p>\n<p>1366 boulevard de la Marine, 83400 Hy\u00e8res<\/p>\n<p>Tel: 09 54 12 72 09<\/p>\n<p><a href=\"https:\/\/lemaraisplage.fr\/\" target=\"_blank\" rel=\"noopener noreferrer nofollow\">Le Marais Website<\/a>[\/vc_column_text][\/vc_column_inner][vc_column_inner width=&#8221;1\/2&#8243;][vc_column_text css=&#8221;.vc_custom_1769441539635{padding-top: 2px !important;}&#8221;]<\/p>\n<ul>\n<li class=\"cyb\"><strong>L\u2019HOTEL BOR<\/strong><\/li>\n<\/ul>\n<p>3, Avenue Emile G\u00e9rard 83400 Hy\u00e8res<\/p>\n<p>Tel: 04 94 58 02 73<\/p>\n<p><a href=\"https:\/\/www.hotel-bor.com\/\" target=\"_blank\" rel=\"noopener noreferrer nofollow\">Hotel BOR Website<\/a><\/p>\n<ul>\n<li class=\"cyb\"><strong>LA REINE JANE<\/strong><\/li>\n<\/ul>\n<p>1, quai des Cormorans 83400 L\u2019Ayguade<\/p>\n<p>Tel: 04 94 66 32 64<\/p>\n<p><a href=\"https:\/\/lareinejane.fr\/\" target=\"_blank\" rel=\"noopener noreferrer nofollow\">La Reine Jane Website<\/a><\/p>\n<ul>\n<li class=\"cyb\"><strong>LE WELCOME CAF\u00c9<\/strong><\/li>\n<\/ul>\n<p>Open all year<\/p>\n<p>109, All\u00e9e du Pousset<\/p>\n<p>Tel: 06 32 36 40 56<\/p>\n<p><a href=\"https:\/\/www.welcomesurfshop.com\/\" target=\"_blank\" rel=\"noopener noreferrer nofollow\">Website<\/a>[\/vc_column_text][\/vc_column_inner][\/vc_row_inner][\/vc_column][\/vc_row][vc_row content_text_aligment=&#8221;left&#8221; enable_surfer_icon=&#8221;no&#8221; css=&#8221;.vc_custom_1582543773844{padding-top: 14px !important;}&#8221;][vc_column][vc_column_text css=&#8221;.vc_custom_1769436609315{margin-bottom: 10px !important;}&#8221;]<\/p>\n<h2 class=\"cyb\">BARS in Hy\u00e8res<\/h2>\n<p>[\/vc_column_text][vc_row_inner][vc_column_inner width=&#8221;1\/2&#8243;][vc_column_text css=&#8221;&#8221;]<\/p>\n<div>\n<ul>\n<li><strong>LA BI\u00c8RE DES \u00ceLES D\u2019OR \u2013 PUB AND BREWERY<\/strong><\/li>\n<\/ul>\n<p>143 Rue de la Forge<br \/>\n83400 Hy\u00e8res<\/p>\n<p>04 30 30 32 18<\/p>\n<p><a href=\"https:\/\/www.labieredesilesdor.fr\/\" target=\"_blank\" rel=\"noopener noreferrer nofollow\">Website: La bi\u00e8re des \u00eeles d\u2019or<\/a><\/p>\n<ul>\n<li class=\"cyb\"><strong>LE MOJITO CAFE<\/strong><\/li>\n<\/ul>\n<p>9 Avenue du Dr Robin, 83400 Hy\u00e8res<br \/>\nTel: 09 54 46 82 15<br \/>\n<a href=\"https:\/\/www.lemojitocafe.fr\/\" target=\"_blank\" rel=\"noopener noreferrer nofollow\">mojitocafe.fr<\/a><\/p>\n<\/div>\n<p>[\/vc_column_text][\/vc_column_inner][vc_column_inner width=&#8221;1\/2&#8243;][vc_column_text css=&#8221;.vc_custom_1769441554791{padding-top: 2px !important;}&#8221;]<\/p>\n<div class=\"column column-span-2 column-push-0 column-last\">\n<ul>\n<li class=\"cyb\"><strong>LE PATIO<\/strong><\/li>\n<\/ul>\n<p>12 Rue des Marchands, 83400 Hy\u00e8res<br \/>\nTEL: 04 89 29 67 88<\/p>\n<\/div>\n<p>[\/vc_column_text][\/vc_column_inner][\/vc_row_inner][\/vc_column][\/vc_row]<\/p>\n<\/div>","protected":false},"excerpt":{"rendered":"<p>[vc_row content_text_aligment=&#8221;left&#8221; enable_surfer_icon=&#8221;no&#8221; css=&#8221;.vc_custom_1582543773844{padding-top: 14px !important;}&#8221;][vc_column][vc_column_text css=&#8221;.vc_custom_1769436136131{margin-bottom: 10px !important;}&#8221;] RESTAURANTS in Hy\u00e8res [\/vc_column_text][vc_row_inner][vc_column_inner width=&#8221;1\/2&#8243;][vc_column_text css=&#8221;&#8221;] LE LIDO \u2013 BEACH AND RESTAURANT 5, avenue Emile G\u00e9rard Plage des Pesquiers 83400 Hy\u00e8res 04 94 01 43 80 Website: Lido Beach JUST IN SUSHI 4av de la gavine, 83400 Hy\u00e8res 09 52 01 [&hellip;]<\/p>\n","protected":false},"author":1,"featured_media":0,"parent":0,"menu_order":0,"comment_status":"closed","ping_status":"closed","template":"","meta":{"_acf_changed":false,"footnotes":""},"class_list":["post-7829","page","type-page","status-publish","hentry"],"acf":[],"yoast_head":"<title>Enjoy restaurants and snack bars near the Spot KiteCenter<\/title>\n<meta name=\"robots\" content=\"index, follow, max-snippet:-1, max-image-preview:large, max-video-preview:-1\" \/>\n<link rel=\"canonical\" href=\"https:\/\/kitesurf-var.com\/en\/restaurants-and-bars-in-hyeres\/\" \/>\n<meta property=\"og:locale\" content=\"en_US\" \/>\n<meta property=\"og:type\" content=\"article\" \/>\n<meta property=\"og:title\" content=\"Enjoy restaurants and snack bars near the Spot KiteCenter\" \/>\n<meta property=\"og:description\" content=\"[vc_row content_text_aligment=&#8221;left&#8221; enable_surfer_icon=&#8221;no&#8221; css=&#8221;.vc_custom_1582543773844{padding-top: 14px !important;}&#8221;][vc_column][vc_column_text css=&#8221;.vc_custom_1769436136131{margin-bottom: 10px !important;}&#8221;] RESTAURANTS in Hy\u00e8res [\/vc_column_text][vc_row_inner][vc_column_inner width=&#8221;1\/2&#8243;][vc_column_text css=&#8221;&#8221;] LE LIDO \u2013 BEACH AND RESTAURANT 5, avenue Emile G\u00e9rard Plage des Pesquiers 83400 Hy\u00e8res 04 94 01 43 80 Website: Lido Beach JUST IN SUSHI 4av de la gavine, 83400 Hy\u00e8res 09 52 01 [&hellip;]\" \/>\n<meta property=\"og:url\" content=\"https:\/\/kitesurf-var.com\/en\/restaurants-and-bars-in-hyeres\/\" \/>\n<meta property=\"og:site_name\" content=\"Le Spot Kitecenter &amp; Wingcenter\" \/>\n<meta property=\"article:publisher\" content=\"https:\/\/www.facebook.com\/Le-Spot-Kitecenter-203279583028289\/\" \/>\n<meta property=\"article:modified_time\" content=\"2026-02-02T14:33:30+00:00\" \/>\n<meta property=\"og:image\" content=\"https:\/\/kitesurf-var.com\/wp-content\/uploads\/2026\/03\/kitesurfspotcenter.png\" \/>\n\t<meta property=\"og:image:width\" content=\"481\" \/>\n\t<meta property=\"og:image:height\" content=\"481\" \/>\n\t<meta property=\"og:image:type\" content=\"image\/png\" \/>\n<meta name=\"twitter:card\" content=\"summary_large_image\" \/>\n<meta name=\"twitter:label1\" content=\"Est. reading time\" \/>\n\t<meta name=\"twitter:data1\" content=\"2 minutes\" \/>\n<script type=\"application\/ld+json\" class=\"yoast-schema-graph\">{\"@context\":\"https:\\\/\\\/schema.org\",\"@graph\":[{\"@type\":\"WebPage\",\"@id\":\"https:\\\/\\\/kitesurf-var.com\\\/en\\\/restaurants-and-bars-in-hyeres\\\/\",\"url\":\"https:\\\/\\\/kitesurf-var.com\\\/en\\\/restaurants-and-bars-in-hyeres\\\/\",\"name\":\"Enjoy restaurants and snack bars near the Spot KiteCenter\",\"isPartOf\":{\"@id\":\"https:\\\/\\\/kitesurf-var.com\\\/en\\\/#website\"},\"datePublished\":\"2026-01-26T14:03:59+00:00\",\"dateModified\":\"2026-02-02T14:33:30+00:00\",\"breadcrumb\":{\"@id\":\"https:\\\/\\\/kitesurf-var.com\\\/en\\\/restaurants-and-bars-in-hyeres\\\/#breadcrumb\"},\"inLanguage\":\"en-US\",\"potentialAction\":[{\"@type\":\"ReadAction\",\"target\":[\"https:\\\/\\\/kitesurf-var.com\\\/en\\\/restaurants-and-bars-in-hyeres\\\/\"]}]},{\"@type\":\"BreadcrumbList\",\"@id\":\"https:\\\/\\\/kitesurf-var.com\\\/en\\\/restaurants-and-bars-in-hyeres\\\/#breadcrumb\",\"itemListElement\":[{\"@type\":\"ListItem\",\"position\":1,\"name\":\"Kitesurf-var.com\",\"item\":\"https:\\\/\\\/kitesurf-var.com\\\/en\\\/\"},{\"@type\":\"ListItem\",\"position\":2,\"name\":\"Restaurants and bars in Hy\u00e8res\"}]},{\"@type\":\"WebSite\",\"@id\":\"https:\\\/\\\/kitesurf-var.com\\\/en\\\/#website\",\"url\":\"https:\\\/\\\/kitesurf-var.com\\\/en\\\/\",\"name\":\"Le Spot Kitecenter & Wingcenter\",\"description\":\"L\u2019\u00e9cole de Kitesurf d\u2019Ariane Imbert, 5 x Championne de France, 2 x World Vice Championne Master, Entra\u00eeneuse de l&#039;\u00e9quipe de France de Foil\",\"publisher\":{\"@id\":\"https:\\\/\\\/kitesurf-var.com\\\/en\\\/#organization\"},\"potentialAction\":[{\"@type\":\"SearchAction\",\"target\":{\"@type\":\"EntryPoint\",\"urlTemplate\":\"https:\\\/\\\/kitesurf-var.com\\\/en\\\/?s={search_term_string}\"},\"query-input\":{\"@type\":\"PropertyValueSpecification\",\"valueRequired\":true,\"valueName\":\"search_term_string\"}}],\"inLanguage\":\"en-US\"},{\"@type\":\"Organization\",\"@id\":\"https:\\\/\\\/kitesurf-var.com\\\/en\\\/#organization\",\"name\":\"Le Spot Kitecenter\",\"url\":\"https:\\\/\\\/kitesurf-var.com\\\/en\\\/\",\"logo\":{\"@type\":\"ImageObject\",\"inLanguage\":\"en-US\",\"@id\":\"https:\\\/\\\/kitesurf-var.com\\\/en\\\/#\\\/schema\\\/logo\\\/image\\\/\",\"url\":\"https:\\\/\\\/kitesurf-var.com\\\/wp-content\\\/uploads\\\/2025\\\/10\\\/icone-site-le-spot-kitecenter.png\",\"contentUrl\":\"https:\\\/\\\/kitesurf-var.com\\\/wp-content\\\/uploads\\\/2025\\\/10\\\/icone-site-le-spot-kitecenter.png\",\"width\":600,\"height\":600,\"caption\":\"Le Spot Kitecenter\"},\"image\":{\"@id\":\"https:\\\/\\\/kitesurf-var.com\\\/en\\\/#\\\/schema\\\/logo\\\/image\\\/\"},\"sameAs\":[\"https:\\\/\\\/www.facebook.com\\\/Le-Spot-Kitecenter-203279583028289\\\/\",\"https:\\\/\\\/www.instagram.com\\\/lespotkitecenter\\\/\",\"https:\\\/\\\/www.youtube.com\\\/channel\\\/UC2yikCEMkypGC3ndTMNcFUw\"]}]}<\/script>","yoast_head_json":{"title":"Enjoy restaurants and snack bars near the Spot KiteCenter","robots":{"index":"index","follow":"follow","max-snippet":"max-snippet:-1","max-image-preview":"max-image-preview:large","max-video-preview":"max-video-preview:-1"},"canonical":"https:\/\/kitesurf-var.com\/en\/restaurants-and-bars-in-hyeres\/","og_locale":"en_US","og_type":"article","og_title":"Enjoy restaurants and snack bars near the Spot KiteCenter","og_description":"[vc_row content_text_aligment=&#8221;left&#8221; enable_surfer_icon=&#8221;no&#8221; css=&#8221;.vc_custom_1582543773844{padding-top: 14px !important;}&#8221;][vc_column][vc_column_text css=&#8221;.vc_custom_1769436136131{margin-bottom: 10px !important;}&#8221;] RESTAURANTS in Hy\u00e8res [\/vc_column_text][vc_row_inner][vc_column_inner width=&#8221;1\/2&#8243;][vc_column_text css=&#8221;&#8221;] LE LIDO \u2013 BEACH AND RESTAURANT 5, avenue Emile G\u00e9rard Plage des Pesquiers 83400 Hy\u00e8res 04 94 01 43 80 Website: Lido Beach JUST IN SUSHI 4av de la gavine, 83400 Hy\u00e8res 09 52 01 [&hellip;]","og_url":"https:\/\/kitesurf-var.com\/en\/restaurants-and-bars-in-hyeres\/","og_site_name":"Le Spot Kitecenter &amp; Wingcenter","article_publisher":"https:\/\/www.facebook.com\/Le-Spot-Kitecenter-203279583028289\/","article_modified_time":"2026-02-02T14:33:30+00:00","og_image":[{"width":481,"height":481,"url":"https:\/\/kitesurf-var.com\/wp-content\/uploads\/2026\/03\/kitesurfspotcenter.png","type":"image\/png"}],"twitter_card":"summary_large_image","twitter_misc":{"Est. reading time":"2 minutes"},"schema":{"@context":"https:\/\/schema.org","@graph":[{"@type":"WebPage","@id":"https:\/\/kitesurf-var.com\/en\/restaurants-and-bars-in-hyeres\/","url":"https:\/\/kitesurf-var.com\/en\/restaurants-and-bars-in-hyeres\/","name":"Enjoy restaurants and snack bars near the Spot KiteCenter","isPartOf":{"@id":"https:\/\/kitesurf-var.com\/en\/#website"},"datePublished":"2026-01-26T14:03:59+00:00","dateModified":"2026-02-02T14:33:30+00:00","breadcrumb":{"@id":"https:\/\/kitesurf-var.com\/en\/restaurants-and-bars-in-hyeres\/#breadcrumb"},"inLanguage":"en-US","potentialAction":[{"@type":"ReadAction","target":["https:\/\/kitesurf-var.com\/en\/restaurants-and-bars-in-hyeres\/"]}]},{"@type":"BreadcrumbList","@id":"https:\/\/kitesurf-var.com\/en\/restaurants-and-bars-in-hyeres\/#breadcrumb","itemListElement":[{"@type":"ListItem","position":1,"name":"Kitesurf-var.com","item":"https:\/\/kitesurf-var.com\/en\/"},{"@type":"ListItem","position":2,"name":"Restaurants and bars in Hy\u00e8res"}]},{"@type":"WebSite","@id":"https:\/\/kitesurf-var.com\/en\/#website","url":"https:\/\/kitesurf-var.com\/en\/","name":"Le Spot Kitecenter & Wingcenter","description":"L\u2019\u00e9cole de Kitesurf d\u2019Ariane Imbert, 5 x Championne de France, 2 x World Vice Championne Master, Entra\u00eeneuse de l&#039;\u00e9quipe de France de Foil","publisher":{"@id":"https:\/\/kitesurf-var.com\/en\/#organization"},"potentialAction":[{"@type":"SearchAction","target":{"@type":"EntryPoint","urlTemplate":"https:\/\/kitesurf-var.com\/en\/?s={search_term_string}"},"query-input":{"@type":"PropertyValueSpecification","valueRequired":true,"valueName":"search_term_string"}}],"inLanguage":"en-US"},{"@type":"Organization","@id":"https:\/\/kitesurf-var.com\/en\/#organization","name":"Le Spot Kitecenter","url":"https:\/\/kitesurf-var.com\/en\/","logo":{"@type":"ImageObject","inLanguage":"en-US","@id":"https:\/\/kitesurf-var.com\/en\/#\/schema\/logo\/image\/","url":"https:\/\/kitesurf-var.com\/wp-content\/uploads\/2025\/10\/icone-site-le-spot-kitecenter.png","contentUrl":"https:\/\/kitesurf-var.com\/wp-content\/uploads\/2025\/10\/icone-site-le-spot-kitecenter.png","width":600,"height":600,"caption":"Le Spot Kitecenter"},"image":{"@id":"https:\/\/kitesurf-var.com\/en\/#\/schema\/logo\/image\/"},"sameAs":["https:\/\/www.facebook.com\/Le-Spot-Kitecenter-203279583028289\/","https:\/\/www.instagram.com\/lespotkitecenter\/","https:\/\/www.youtube.com\/channel\/UC2yikCEMkypGC3ndTMNcFUw"]}]}},"_links":{"self":[{"href":"https:\/\/kitesurf-var.com\/en\/wp-json\/wp\/v2\/pages\/7829","targetHints":{"allow":["GET"]}}],"collection":[{"href":"https:\/\/kitesurf-var.com\/en\/wp-json\/wp\/v2\/pages"}],"about":[{"href":"https:\/\/kitesurf-var.com\/en\/wp-json\/wp\/v2\/types\/page"}],"author":[{"embeddable":true,"href":"https:\/\/kitesurf-var.com\/en\/wp-json\/wp\/v2\/users\/1"}],"replies":[{"embeddable":true,"href":"https:\/\/kitesurf-var.com\/en\/wp-json\/wp\/v2\/comments?post=7829"}],"version-history":[{"count":6,"href":"https:\/\/kitesurf-var.com\/en\/wp-json\/wp\/v2\/pages\/7829\/revisions"}],"predecessor-version":[{"id":7865,"href":"https:\/\/kitesurf-var.com\/en\/wp-json\/wp\/v2\/pages\/7829\/revisions\/7865"}],"wp:attachment":[{"href":"https:\/\/kitesurf-var.com\/en\/wp-json\/wp\/v2\/media?parent=7829"}],"curies":[{"name":"wp","href":"https:\/\/api.w.org\/{rel}","templated":true}]}}